{"id":21,"date":"2024-02-15T20:25:11","date_gmt":"2024-02-15T20:25:11","guid":{"rendered":"https:\/\/cali.hr\/?page_id=21"},"modified":"2024-02-29T13:00:38","modified_gmt":"2024-02-29T13:00:38","slug":"refund_returns","status":"publish","type":"page","link":"https:\/\/calishop.net\/en\/refund_returns\/","title":{"rendered":"Returns &amp; Refunds"},"content":{"rendered":"<p>Returns &amp; Refunds<\/p>\n\n\n\n<p>Uvjeti za povrat sredstava<\/p>\n\n\n\n<p>1. Kupac koji djeluje u svojstvu potro\u0161a\u010da mo\u017ee u roku od \u010detrnaest radnih dana od primitka robe bez ikakvog razloga raskinuti ugovor koji je sklopljen na daljinu ili izvan poslovnog prostora.<\/p>\n\n\n\n<p>2. Rok za raskid ugovora po\u010dinje te\u0107i s danom kada kupac ili od njega ovla\u0161tena tre\u0107a osoba, a da to nije dostavlja\u010d, do\u0111u u posjed proizvoda. Ako je kupac u jednoj narud\u017ebi naru\u010dio vi\u0161e proizvoda koji se isporu\u010duju zasebno, rok po\u010dinje te\u0107i s danom kada kupac ili od njega ovla\u0161tena tre\u0107a osoba, a da to nije dostavlja\u010d, do\u0111u u posjed proizvoda koji je posljednji isporu\u010den. Dovoljno je da kupac zahtjev za raskidom ugovora podnese u roku. Pritom je odlu\u010duju\u0107i datum po\u0161tanske po\u0161iljke.<\/p>\n\n\n\n<p>3. Zahtjev za raskidom ugovora mo\u017ee se uputiti putem elektroni\u010dke po\u0161te na calikonoplja@gmail.com ili po\u0161tom na adresu prodavatelja, navedenoj u nastavku ovog teksta.<\/p>\n\n\n\n<p>4. Pravo na raskid ugovora ne vrijedi za proizvode izra\u0111ene prema specifikacijama kupaca ili prilago\u0111ene osobnim potrebama. Tako\u0111er ne vrijedi za proizvode koji se isporu\u010duju zape\u010da\u0107eni, ako je pe\u010dat uklonjen nakon isporuke. I na kraju, ne vrijedi za proizvode koji se brzo kvare ili kojima rok trajanja uskoro isti\u010de.<\/p>\n\n\n\n<p>5. Pravovaljani raskid ugovora od strane kupca za posljedicu ima da se novac upla\u0107en za proizvod, uklju\u010duju\u0107i tro\u0161kove dostave za standardnu isporuku, kupcu mora vratiti odmah i najkasnije u roku od \u010detrnaest dana od dana primitka obavijesti o raskidu. Pri raskidu kupoprodajnog ugovora, osim ako prodavatelj druga\u010dije ne ponudi, povrat otkupne cijene mo\u017ee se odgoditi do primitka robe ili do dostavljanja dokaza o povratu proizvoda, ovisno o tome \u0161to pristigne ranije.<\/p>\n\n\n\n<p>6. Povrat novca kupcu vr\u0161i se na isti na\u010din na koji je kupac taj novac uplatio, bez ura\u010dunavanja zateznih kamata. Nadalje, prodavatelj ne\u0107e refundirati dodatne tro\u0161kove posebne isporuke.<\/p>\n\n\n\n<p>7. Kupac prodavatelju mora vratiti proizvod bez odgode, najkasnije u roku od \u010detrnaest dana od dana podno\u0161enja zahtjeva o raskidu ugovora. Povrat robe vr\u0161i se putem po\u0161iljke. Smatra se da je proizvod pravovremeno vra\u0107en ako se doka\u017ee da je po\u0161iljka poslana u navedenom roku.<\/p>\n\n\n\n<p>8. Kupac dobiveni proizvod mora vratiti u izvornoj ambala\u017ei zajedno s priborom na adresu<\/p>\n\n\n\n<p>Cali obrt za usluge i trgovinu, Ulica Bjeli\u0161 23, 35000 Slavonski Brod.<\/p>\n\n\n\n<p>9. Potro\u0161a\u010d snosi sve izravne tro\u0161kove povrata.<\/p>","protected":false},"excerpt":{"rendered":"<p>Povrat sredstava Uvjeti za povrat sredstava 1. Kupac koji djeluje u svojstvu potro\u0161a\u010da mo\u017ee u roku od \u010detrnaest radnih dana od primitka robe bez ikakvog razloga raskinuti ugovor koji je sklopljen na daljinu ili izvan poslovnog prostora. 2. Rok za raskid ugovora po\u010dinje te\u0107i s danom kada kupac ili od njega ovla\u0161tena tre\u0107a osoba, a&hellip;<\/p>","protected":false},"author":1,"featured_media":0,"parent":0,"menu_order":0,"comment_status":"closed","ping_status":"closed","template":"","meta":{"footnotes":""},"class_list":["post-21","page","type-page","status-publish","hentry","description-off"],"yoast_head":"<!-- This site is optimized with the Yoast SEO plugin v24.1 - https:\/\/yoast.com\/wordpress\/plugins\/seo\/ -->\n<title>Povrat sredstava - CALI<\/title>\n<meta name=\"robots\" content=\"noindex, follow, max-snippet:-1, max-image-preview:large, max-video-preview:-1\" \/>\n<meta property=\"og:locale\" content=\"en_US\" \/>\n<meta property=\"og:type\" content=\"article\" \/>\n<meta property=\"og:title\" content=\"Povrat sredstava - CALI\" \/>\n<meta property=\"og:description\" content=\"Povrat sredstava Uvjeti za povrat sredstava 1. Kupac koji djeluje u svojstvu potro\u0161a\u010da mo\u017ee u roku od \u010detrnaest radnih dana od primitka robe bez ikakvog razloga raskinuti ugovor koji je sklopljen na daljinu ili izvan poslovnog prostora. 2. Rok za raskid ugovora po\u010dinje te\u0107i s danom kada kupac ili od njega ovla\u0161tena tre\u0107a osoba, a&hellip;\" \/>\n<meta property=\"og:url\" content=\"https:\/\/calishop.net\/en\/refund_returns\/\" \/>\n<meta property=\"og:site_name\" content=\"CALI\" \/>\n<meta property=\"article:modified_time\" content=\"2024-02-29T13:00:38+00:00\" \/>\n<meta name=\"twitter:card\" content=\"summary_large_image\" \/>\n<meta name=\"twitter:label1\" content=\"Est. reading time\" \/>\n\t<meta name=\"twitter:data1\" content=\"2 minutes\" \/>\n<script type=\"application\/ld+json\" class=\"yoast-schema-graph\">{\"@context\":\"https:\/\/schema.org\",\"@graph\":[{\"@type\":\"WebPage\",\"@id\":\"https:\/\/calishop.net\/refund_returns\/\",\"url\":\"https:\/\/calishop.net\/refund_returns\/\",\"name\":\"Povrat sredstava - CALI\",\"isPartOf\":{\"@id\":\"https:\/\/calishop.net\/#website\"},\"datePublished\":\"2024-02-15T20:25:11+00:00\",\"dateModified\":\"2024-02-29T13:00:38+00:00\",\"breadcrumb\":{\"@id\":\"https:\/\/calishop.net\/refund_returns\/#breadcrumb\"},\"inLanguage\":\"en-US\",\"potentialAction\":[{\"@type\":\"ReadAction\",\"target\":[\"https:\/\/calishop.net\/refund_returns\/\"]}]},{\"@type\":\"BreadcrumbList\",\"@id\":\"https:\/\/calishop.net\/refund_returns\/#breadcrumb\",\"itemListElement\":[{\"@type\":\"ListItem\",\"position\":1,\"name\":\"Po\u010detna stranica\",\"item\":\"https:\/\/calishop.net\/\"},{\"@type\":\"ListItem\",\"position\":2,\"name\":\"Povrat sredstava\"}]},{\"@type\":\"WebSite\",\"@id\":\"https:\/\/calishop.net\/#website\",\"url\":\"https:\/\/calishop.net\/\",\"name\":\"CALI\",\"description\":\"Balans na prirodan na\u010din\",\"publisher\":{\"@id\":\"https:\/\/calishop.net\/#organization\"},\"potentialAction\":[{\"@type\":\"SearchAction\",\"target\":{\"@type\":\"EntryPoint\",\"urlTemplate\":\"https:\/\/calishop.net\/?s={search_term_string}\"},\"query-input\":{\"@type\":\"PropertyValueSpecification\",\"valueRequired\":true,\"valueName\":\"search_term_string\"}}],\"inLanguage\":\"en-US\"},{\"@type\":\"Organization\",\"@id\":\"https:\/\/calishop.net\/#organization\",\"name\":\"CALI\",\"url\":\"https:\/\/calishop.net\/\",\"logo\":{\"@type\":\"ImageObject\",\"inLanguage\":\"en-US\",\"@id\":\"https:\/\/calishop.net\/#\/schema\/logo\/image\/\",\"url\":\"https:\/\/calishop.net\/wp-content\/uploads\/2021\/05\/vital-logo-seven.svg\",\"contentUrl\":\"https:\/\/calishop.net\/wp-content\/uploads\/2021\/05\/vital-logo-seven.svg\",\"width\":278,\"height\":56,\"caption\":\"CALI\"},\"image\":{\"@id\":\"https:\/\/calishop.net\/#\/schema\/logo\/image\/\"}}]}<\/script>\n<!-- \/ Yoast SEO plugin. -->","yoast_head_json":{"title":"Povrat sredstava - CALI","robots":{"index":"noindex","follow":"follow","max-snippet":"max-snippet:-1","max-image-preview":"max-image-preview:large","max-video-preview":"max-video-preview:-1"},"og_locale":"en_US","og_type":"article","og_title":"Povrat sredstava - CALI","og_description":"Povrat sredstava Uvjeti za povrat sredstava 1. Kupac koji djeluje u svojstvu potro\u0161a\u010da mo\u017ee u roku od \u010detrnaest radnih dana od primitka robe bez ikakvog razloga raskinuti ugovor koji je sklopljen na daljinu ili izvan poslovnog prostora. 2. Rok za raskid ugovora po\u010dinje te\u0107i s danom kada kupac ili od njega ovla\u0161tena tre\u0107a osoba, a&hellip;","og_url":"https:\/\/calishop.net\/en\/refund_returns\/","og_site_name":"CALI","article_modified_time":"2024-02-29T13:00:38+00:00","twitter_card":"summary_large_image","twitter_misc":{"Est. reading time":"2 minutes"},"schema":{"@context":"https:\/\/schema.org","@graph":[{"@type":"WebPage","@id":"https:\/\/calishop.net\/refund_returns\/","url":"https:\/\/calishop.net\/refund_returns\/","name":"Povrat sredstava - CALI","isPartOf":{"@id":"https:\/\/calishop.net\/#website"},"datePublished":"2024-02-15T20:25:11+00:00","dateModified":"2024-02-29T13:00:38+00:00","breadcrumb":{"@id":"https:\/\/calishop.net\/refund_returns\/#breadcrumb"},"inLanguage":"en-US","potentialAction":[{"@type":"ReadAction","target":["https:\/\/calishop.net\/refund_returns\/"]}]},{"@type":"BreadcrumbList","@id":"https:\/\/calishop.net\/refund_returns\/#breadcrumb","itemListElement":[{"@type":"ListItem","position":1,"name":"Po\u010detna stranica","item":"https:\/\/calishop.net\/"},{"@type":"ListItem","position":2,"name":"Povrat sredstava"}]},{"@type":"WebSite","@id":"https:\/\/calishop.net\/#website","url":"https:\/\/calishop.net\/","name":"CALI","description":"Balans na prirodan na\u010din","publisher":{"@id":"https:\/\/calishop.net\/#organization"},"potentialAction":[{"@type":"SearchAction","target":{"@type":"EntryPoint","urlTemplate":"https:\/\/calishop.net\/?s={search_term_string}"},"query-input":{"@type":"PropertyValueSpecification","valueRequired":true,"valueName":"search_term_string"}}],"inLanguage":"en-US"},{"@type":"Organization","@id":"https:\/\/calishop.net\/#organization","name":"CALI","url":"https:\/\/calishop.net\/","logo":{"@type":"ImageObject","inLanguage":"en-US","@id":"https:\/\/calishop.net\/#\/schema\/logo\/image\/","url":"https:\/\/calishop.net\/wp-content\/uploads\/2021\/05\/vital-logo-seven.svg","contentUrl":"https:\/\/calishop.net\/wp-content\/uploads\/2021\/05\/vital-logo-seven.svg","width":278,"height":56,"caption":"CALI"},"image":{"@id":"https:\/\/calishop.net\/#\/schema\/logo\/image\/"}}]}},"jetpack_sharing_enabled":true,"_links":{"self":[{"href":"https:\/\/calishop.net\/en\/wp-json\/wp\/v2\/pages\/21","targetHints":{"allow":["GET"]}}],"collection":[{"href":"https:\/\/calishop.net\/en\/wp-json\/wp\/v2\/pages"}],"about":[{"href":"https:\/\/calishop.net\/en\/wp-json\/wp\/v2\/types\/page"}],"author":[{"embeddable":true,"href":"https:\/\/calishop.net\/en\/wp-json\/wp\/v2\/users\/1"}],"replies":[{"embeddable":true,"href":"https:\/\/calishop.net\/en\/wp-json\/wp\/v2\/comments?post=21"}],"version-history":[{"count":3,"href":"https:\/\/calishop.net\/en\/wp-json\/wp\/v2\/pages\/21\/revisions"}],"predecessor-version":[{"id":8671,"href":"https:\/\/calishop.net\/en\/wp-json\/wp\/v2\/pages\/21\/revisions\/8671"}],"wp:attachment":[{"href":"https:\/\/calishop.net\/en\/wp-json\/wp\/v2\/media?parent=21"}],"curies":[{"name":"wp","href":"https:\/\/api.w.org\/{rel}","templated":true}]}}