{"id":2385,"date":"2020-09-27T15:07:34","date_gmt":"2020-09-27T15:07:34","guid":{"rendered":"https:\/\/the7.io\/elementor-agency\/?page_id=2385"},"modified":"2024-02-20T14:20:39","modified_gmt":"2024-02-20T14:20:39","slug":"terms-and-conditions","status":"publish","type":"page","link":"https:\/\/calishop.net\/en\/terms-and-conditions\/","title":{"rendered":"Statement on Online Payment Security"},"content":{"rendered":"<div data-elementor-type=\"wp-page\" data-elementor-id=\"2385\" class=\"elementor elementor-2385\" data-elementor-settings=\"{&quot;ha_cmc_init_switcher&quot;:&quot;no&quot;}\" data-elementor-post-type=\"page\">\n\t\t\t\t\t\t<section class=\"elementor-section elementor-top-section elementor-element elementor-element-0f4a400 elementor-section-boxed elementor-section-height-default elementor-section-height-default\" data-id=\"0f4a400\" data-element_type=\"section\" data-settings=\"{&quot;_ha_eqh_enable&quot;:false}\">\n\t\t\t\t\t\t<div class=\"elementor-container elementor-column-gap-wider\">\n\t\t\t\t\t<div class=\"elementor-column elementor-col-100 elementor-top-column elementor-element elementor-element-b0c11ed\" data-id=\"b0c11ed\" data-element_type=\"column\">\n\t\t\t<div class=\"elementor-widget-wrap elementor-element-populated\">\n\t\t\t\t\t\t<div class=\"elementor-element elementor-element-b092721 elementor-widget elementor-widget-text-editor\" data-id=\"b092721\" data-element_type=\"widget\" data-widget_type=\"text-editor.default\">\n\t\t\t\t<div class=\"elementor-widget-container\">\n\t\t\t\t\t\t\t\t\t<section class=\"elementor-section elementor-top-section elementor-element elementor-element-4a8f774 elementor-section-full_width about2 about2-page-title elementor-hidden-mobile elementor-section-height-default elementor-section-height-default\" data-id=\"4a8f774\" data-element_type=\"section\">\n<div class=\"elementor-container elementor-column-gap-no\">\n<div class=\"elementor-column elementor-col-100 elementor-top-column elementor-element elementor-element-5e8af322\" data-id=\"5e8af322\" data-element_type=\"column\">\n<div class=\"elementor-widget-wrap elementor-element-populated\">\n<div class=\"elementor-element elementor-element-64093737 elementor-widget elementor-widget-heading\" data-id=\"64093737\" data-element_type=\"widget\" data-widget_type=\"heading.default\">\n<div class=\"elementor-widget-container\">\n<h2 class=\"elementor-heading-title elementor-size-default\">Statement on Online Payment Security<\/h2>\n<\/div>\n<\/div>\n<\/div>\n<\/div>\n<\/div>\n<\/section>\n<section class=\"elementor-section elementor-top-section elementor-element elementor-element-c4f81e9 elementor-section-full_width elementor-hidden-mobile elementor-section-height-default elementor-section-height-default\" data-id=\"c4f81e9\" data-element_type=\"section\">\n<div class=\"elementor-container elementor-column-gap-no\">\n<div class=\"elementor-column elementor-col-100 elementor-top-column elementor-element elementor-element-2d8bac9\" data-id=\"2d8bac9\" data-element_type=\"column\">\n<div class=\"elementor-widget-wrap\">\u00a0<\/div>\n<\/div>\n<\/div>\n<\/section>\n<section class=\"elementor-section elementor-top-section elementor-element elementor-element-bca3bdf elementor-section-full_width about2 about2-text1 col-gap-30 elementor-section-height-default elementor-section-height-default\" data-id=\"bca3bdf\" data-element_type=\"section\">\n<div class=\"elementor-container elementor-column-gap-no\">\n<div class=\"elementor-column elementor-col-16 elementor-top-column elementor-element elementor-element-6d3008f8 d-none d-lg-block\" data-id=\"6d3008f8\" data-element_type=\"column\">\n<div class=\"elementor-widget-wrap\">\u00a0<\/div>\n<\/div>\n<div class=\"elementor-column elementor-col-66 elementor-top-column elementor-element elementor-element-7ffaa65b\" data-id=\"7ffaa65b\" data-element_type=\"column\">\n<div class=\"elementor-widget-wrap elementor-element-populated\">\n<div class=\"elementor-element elementor-element-25f46d9 elementor-widget elementor-widget-heading\" data-id=\"25f46d9\" data-element_type=\"widget\" data-widget_type=\"heading.default\">\n<div class=\"elementor-widget-container\">\n<h3 class=\"elementor-heading-title elementor-size-default\">CorvusPay \u2013 napredni sustav<\/h3>\n<\/div>\n<\/div>\n<div class=\"elementor-element elementor-element-30744d8b elementor-widget elementor-widget-text-editor\" data-id=\"30744d8b\" data-element_type=\"widget\" data-widget_type=\"text-editor.default\">\n<div class=\"elementor-widget-container\">\n<p>Pri pla\u0107anju na na\u0161oj web trgovini koristite CorvusPay \u2013 napredni sustav za siguran prihvat platnih kartica putem interneta.<br \/>CorvusPay sustav osigurava potpunu tajnost Va\u0161ih karti\u010dnih i osobnih podataka ve\u0107 od trenutka kada ih upi\u0161ete u CorvusPay platni formular. Platni podaci proslije\u0111uju se \u0161ifrirano od Va\u0161eg web preglednika do banke koja je izdala Va\u0161u karticu. Na\u0161a trgovina nikada ne dolazi u kontakt s cjelovitim podacima o Va\u0161oj platnoj kartici. Tako\u0111er, podaci su nedostupni \u010dak i djelatnicima CorvusPay sustava. Izolirana jezgra samostalno prenosi i upravlja osjetljivim podacima, \u010duvaju\u0107i ih pritom potpuno sigurnima.<br \/>Formular za upis platnih podataka osiguran je SSL transportnom \u0161ifrom najve\u0107e pouzdanosti. Svi skladi\u0161teni podaci dodatno su za\u0161ti\u0107eni \u0161ifriranjem, kori\u0161tenjem kriptografskog ure\u0111aja certificiranog prema FIPS 140-2 Level 3 standardu. CorvusPay zadovoljava sve zahtjeve vezane uz sigurnost on-line pla\u0107anja propisane od strane vode\u0107ih karti\u010dnih brandova, odnosno posluje sukladno normi \u2013 PCI DSS Level 1 \u2013 najvi\u0161em sigurnosnom standardu industrije platnih kartica. Pri pla\u0107anju karticama uvr\u0161tenim u 3-D Secure program, Va\u0161a banka uz valjanost same kartice dodatno potvr\u0111uje i Va\u0161 identitet pomo\u0107u tokena ili lozinke.<br \/>CorvusPay sve prikupljene informacije smatra tajnom i tretira ih u skladu s tim. Informacije se koriste isklju\u010divo u svrhe za koje su namijenjene. Va\u0161i osjetljivi podaci u potpunosti su sigurni, a njihova privatnost zajam\u010dena je najmodernijim za\u0161titnim mehanizmima. Prikupljaju se samo podaci nu\u017eni za obavljanje posla sukladno propisanim zahtjevnim procedurama za on-line pla\u0107anje.<br \/>Sigurnosne kontrole i operativne procedure primijenjene na na\u0161u infrastrukturu, osiguravaju trenutnu pouzdanost CorvusPay sustava. Uz to, odr\u017eavanjem stroge kontrole pristupa, redovitim pra\u0107enjem sigurnosti i dubinskim provjerama za sprje\u010davanje ranjivosti mre\u017ee te planskim provo\u0111enjem odredbi o informacijskoj sigurnosti, trajno odr\u017eavaju i unaprje\u0111uju stupanj sigurnosti sustava za\u0161titom Va\u0161ih karti\u010dnih podataka.<\/p>\n<p>Hvala \u0161to koristite CorvusPay!<\/p>\n<\/div>\n<\/div>\n<\/div>\n<\/div>\n<\/div>\n<\/section>\t\t\t\t\t\t\t\t<\/div>\n\t\t\t\t<\/div>\n\t\t\t\t\t<\/div>\n\t\t<\/div>\n\t\t\t\t\t<\/div>\n\t\t<\/section>\n\t\t\t\t<\/div>","protected":false},"excerpt":{"rendered":"<p>Izjava o sigurnosti online pla\u0107anja \u00a0 \u00a0 CorvusPay \u2013 napredni sustav Pri pla\u0107anju na na\u0161oj web trgovini koristite CorvusPay \u2013 napredni sustav za siguran prihvat platnih kartica putem interneta.CorvusPay sustav osigurava potpunu tajnost Va\u0161ih karti\u010dnih i osobnih podataka ve\u0107 od trenutka kada ih upi\u0161ete u CorvusPay platni formular. Platni podaci proslije\u0111uju se \u0161ifrirano od Va\u0161eg&hellip;<\/p>","protected":false},"author":1,"featured_media":0,"parent":0,"menu_order":910,"comment_status":"closed","ping_status":"closed","template":"","meta":{"footnotes":""},"class_list":["post-2385","page","type-page","status-publish","hentry"],"yoast_head":"<!-- This site is optimized with the Yoast SEO plugin v24.1 - https:\/\/yoast.com\/wordpress\/plugins\/seo\/ -->\n<title>Izjava o sigurnosti online pla\u0107anja - CALI<\/title>\n<meta name=\"robots\" content=\"noindex, follow, max-snippet:-1, max-image-preview:large, max-video-preview:-1\" \/>\n<meta property=\"og:locale\" content=\"en_US\" \/>\n<meta property=\"og:type\" content=\"article\" \/>\n<meta property=\"og:title\" content=\"Izjava o sigurnosti online pla\u0107anja - CALI\" \/>\n<meta property=\"og:description\" content=\"Izjava o sigurnosti online pla\u0107anja \u00a0 \u00a0 CorvusPay \u2013 napredni sustav Pri pla\u0107anju na na\u0161oj web trgovini koristite CorvusPay \u2013 napredni sustav za siguran prihvat platnih kartica putem interneta.CorvusPay sustav osigurava potpunu tajnost Va\u0161ih karti\u010dnih i osobnih podataka ve\u0107 od trenutka kada ih upi\u0161ete u CorvusPay platni formular. Platni podaci proslije\u0111uju se \u0161ifrirano od Va\u0161eg&hellip;\" \/>\n<meta property=\"og:url\" content=\"https:\/\/calishop.net\/en\/terms-and-conditions\/\" \/>\n<meta property=\"og:site_name\" content=\"CALI\" \/>\n<meta property=\"article:modified_time\" content=\"2024-02-20T14:20:39+00:00\" \/>\n<meta name=\"twitter:card\" content=\"summary_large_image\" \/>\n<meta name=\"twitter:label1\" content=\"Est. reading time\" \/>\n\t<meta name=\"twitter:data1\" content=\"2 minutes\" \/>\n<script type=\"application\/ld+json\" class=\"yoast-schema-graph\">{\"@context\":\"https:\/\/schema.org\",\"@graph\":[{\"@type\":\"WebPage\",\"@id\":\"https:\/\/calishop.net\/terms-and-conditions\/\",\"url\":\"https:\/\/calishop.net\/terms-and-conditions\/\",\"name\":\"Izjava o sigurnosti online pla\u0107anja - CALI\",\"isPartOf\":{\"@id\":\"https:\/\/calishop.net\/#website\"},\"datePublished\":\"2020-09-27T15:07:34+00:00\",\"dateModified\":\"2024-02-20T14:20:39+00:00\",\"breadcrumb\":{\"@id\":\"https:\/\/calishop.net\/terms-and-conditions\/#breadcrumb\"},\"inLanguage\":\"en-US\",\"potentialAction\":[{\"@type\":\"ReadAction\",\"target\":[\"https:\/\/calishop.net\/terms-and-conditions\/\"]}]},{\"@type\":\"BreadcrumbList\",\"@id\":\"https:\/\/calishop.net\/terms-and-conditions\/#breadcrumb\",\"itemListElement\":[{\"@type\":\"ListItem\",\"position\":1,\"name\":\"Po\u010detna stranica\",\"item\":\"https:\/\/calishop.net\/\"},{\"@type\":\"ListItem\",\"position\":2,\"name\":\"Izjava o sigurnosti online pla\u0107anja\"}]},{\"@type\":\"WebSite\",\"@id\":\"https:\/\/calishop.net\/#website\",\"url\":\"https:\/\/calishop.net\/\",\"name\":\"CALI\",\"description\":\"Balans na prirodan na\u010din\",\"publisher\":{\"@id\":\"https:\/\/calishop.net\/#organization\"},\"potentialAction\":[{\"@type\":\"SearchAction\",\"target\":{\"@type\":\"EntryPoint\",\"urlTemplate\":\"https:\/\/calishop.net\/?s={search_term_string}\"},\"query-input\":{\"@type\":\"PropertyValueSpecification\",\"valueRequired\":true,\"valueName\":\"search_term_string\"}}],\"inLanguage\":\"en-US\"},{\"@type\":\"Organization\",\"@id\":\"https:\/\/calishop.net\/#organization\",\"name\":\"CALI\",\"url\":\"https:\/\/calishop.net\/\",\"logo\":{\"@type\":\"ImageObject\",\"inLanguage\":\"en-US\",\"@id\":\"https:\/\/calishop.net\/#\/schema\/logo\/image\/\",\"url\":\"https:\/\/calishop.net\/wp-content\/uploads\/2021\/05\/vital-logo-seven.svg\",\"contentUrl\":\"https:\/\/calishop.net\/wp-content\/uploads\/2021\/05\/vital-logo-seven.svg\",\"width\":278,\"height\":56,\"caption\":\"CALI\"},\"image\":{\"@id\":\"https:\/\/calishop.net\/#\/schema\/logo\/image\/\"}}]}<\/script>\n<!-- \/ Yoast SEO plugin. -->","yoast_head_json":{"title":"Izjava o sigurnosti online pla\u0107anja - CALI","robots":{"index":"noindex","follow":"follow","max-snippet":"max-snippet:-1","max-image-preview":"max-image-preview:large","max-video-preview":"max-video-preview:-1"},"og_locale":"en_US","og_type":"article","og_title":"Izjava o sigurnosti online pla\u0107anja - CALI","og_description":"Izjava o sigurnosti online pla\u0107anja \u00a0 \u00a0 CorvusPay \u2013 napredni sustav Pri pla\u0107anju na na\u0161oj web trgovini koristite CorvusPay \u2013 napredni sustav za siguran prihvat platnih kartica putem interneta.CorvusPay sustav osigurava potpunu tajnost Va\u0161ih karti\u010dnih i osobnih podataka ve\u0107 od trenutka kada ih upi\u0161ete u CorvusPay platni formular. Platni podaci proslije\u0111uju se \u0161ifrirano od Va\u0161eg&hellip;","og_url":"https:\/\/calishop.net\/en\/terms-and-conditions\/","og_site_name":"CALI","article_modified_time":"2024-02-20T14:20:39+00:00","twitter_card":"summary_large_image","twitter_misc":{"Est. reading time":"2 minutes"},"schema":{"@context":"https:\/\/schema.org","@graph":[{"@type":"WebPage","@id":"https:\/\/calishop.net\/terms-and-conditions\/","url":"https:\/\/calishop.net\/terms-and-conditions\/","name":"Izjava o sigurnosti online pla\u0107anja - CALI","isPartOf":{"@id":"https:\/\/calishop.net\/#website"},"datePublished":"2020-09-27T15:07:34+00:00","dateModified":"2024-02-20T14:20:39+00:00","breadcrumb":{"@id":"https:\/\/calishop.net\/terms-and-conditions\/#breadcrumb"},"inLanguage":"en-US","potentialAction":[{"@type":"ReadAction","target":["https:\/\/calishop.net\/terms-and-conditions\/"]}]},{"@type":"BreadcrumbList","@id":"https:\/\/calishop.net\/terms-and-conditions\/#breadcrumb","itemListElement":[{"@type":"ListItem","position":1,"name":"Po\u010detna stranica","item":"https:\/\/calishop.net\/"},{"@type":"ListItem","position":2,"name":"Izjava o sigurnosti online pla\u0107anja"}]},{"@type":"WebSite","@id":"https:\/\/calishop.net\/#website","url":"https:\/\/calishop.net\/","name":"CALI","description":"Balans na prirodan na\u010din","publisher":{"@id":"https:\/\/calishop.net\/#organization"},"potentialAction":[{"@type":"SearchAction","target":{"@type":"EntryPoint","urlTemplate":"https:\/\/calishop.net\/?s={search_term_string}"},"query-input":{"@type":"PropertyValueSpecification","valueRequired":true,"valueName":"search_term_string"}}],"inLanguage":"en-US"},{"@type":"Organization","@id":"https:\/\/calishop.net\/#organization","name":"CALI","url":"https:\/\/calishop.net\/","logo":{"@type":"ImageObject","inLanguage":"en-US","@id":"https:\/\/calishop.net\/#\/schema\/logo\/image\/","url":"https:\/\/calishop.net\/wp-content\/uploads\/2021\/05\/vital-logo-seven.svg","contentUrl":"https:\/\/calishop.net\/wp-content\/uploads\/2021\/05\/vital-logo-seven.svg","width":278,"height":56,"caption":"CALI"},"image":{"@id":"https:\/\/calishop.net\/#\/schema\/logo\/image\/"}}]}},"jetpack_sharing_enabled":true,"_links":{"self":[{"href":"https:\/\/calishop.net\/en\/wp-json\/wp\/v2\/pages\/2385","targetHints":{"allow":["GET"]}}],"collection":[{"href":"https:\/\/calishop.net\/en\/wp-json\/wp\/v2\/pages"}],"about":[{"href":"https:\/\/calishop.net\/en\/wp-json\/wp\/v2\/types\/page"}],"author":[{"embeddable":true,"href":"https:\/\/calishop.net\/en\/wp-json\/wp\/v2\/users\/1"}],"replies":[{"embeddable":true,"href":"https:\/\/calishop.net\/en\/wp-json\/wp\/v2\/comments?post=2385"}],"version-history":[{"count":5,"href":"https:\/\/calishop.net\/en\/wp-json\/wp\/v2\/pages\/2385\/revisions"}],"predecessor-version":[{"id":8480,"href":"https:\/\/calishop.net\/en\/wp-json\/wp\/v2\/pages\/2385\/revisions\/8480"}],"wp:attachment":[{"href":"https:\/\/calishop.net\/en\/wp-json\/wp\/v2\/media?parent=2385"}],"curies":[{"name":"wp","href":"https:\/\/api.w.org\/{rel}","templated":true}]}}