{"id":8181,"date":"2024-02-15T19:46:32","date_gmt":"2024-02-15T19:46:32","guid":{"rendered":"https:\/\/cali.hr\/?page_id=8181"},"modified":"2024-03-04T14:48:52","modified_gmt":"2024-03-04T14:48:52","slug":"about-us","status":"publish","type":"page","link":"https:\/\/calishop.net\/en\/about-us\/","title":{"rendered":"About us"},"content":{"rendered":"<div data-elementor-type=\"wp-page\" data-elementor-id=\"8181\" class=\"elementor elementor-8181\" data-elementor-settings=\"{&quot;ha_cmc_init_switcher&quot;:&quot;no&quot;}\" data-elementor-post-type=\"page\">\n\t\t\t\t<div class=\"elementor-element elementor-element-c76f4cb e-flex e-con-boxed e-con e-parent\" data-id=\"c76f4cb\" data-element_type=\"container\" data-settings=\"{&quot;_ha_eqh_enable&quot;:false}\">\n\t\t\t\t\t<div class=\"e-con-inner\">\n\t\t\t\t<div class=\"elementor-element elementor-element-1b8b2cd elementor-widget elementor-widget-heading\" data-id=\"1b8b2cd\" data-element_type=\"widget\" data-widget_type=\"heading.default\">\n\t\t\t\t<div class=\"elementor-widget-container\">\n\t\t\t\t\t<h2 class=\"elementor-heading-title elementor-size-default\">About us<\/h2>\t\t\t\t<\/div>\n\t\t\t\t<\/div>\n\t\t\t\t\t<\/div>\n\t\t\t\t<\/div>\n\t\t<div class=\"elementor-element elementor-element-e7cd520 e-flex e-con-boxed e-con e-parent\" data-id=\"e7cd520\" data-element_type=\"container\" data-settings=\"{&quot;_ha_eqh_enable&quot;:false}\">\n\t\t\t\t\t<div class=\"e-con-inner\">\n\t\t<div class=\"elementor-element elementor-element-a6be5c8 e-con-full e-flex e-con e-child\" data-id=\"a6be5c8\" data-element_type=\"container\" data-settings=\"{&quot;_ha_eqh_enable&quot;:false}\">\n\t\t\t\t<div class=\"elementor-element elementor-element-45308ad elementor-widget__width-initial elementor-widget elementor-widget-image\" data-id=\"45308ad\" data-element_type=\"widget\" data-widget_type=\"image.default\">\n\t\t\t\t<div class=\"elementor-widget-container\">\n\t\t\t\t\t\t\t\t\t\t\t\t\t\t\t<img fetchpriority=\"high\" decoding=\"async\" width=\"1024\" height=\"1024\" src=\"https:\/\/calishop.net\/wp-content\/uploads\/2024\/03\/Untitled-design-9.png\" class=\"attachment-large size-large wp-image-8757\" alt=\"\" \/>\t\t\t\t\t\t\t\t\t\t\t\t\t\t\t<\/div>\n\t\t\t\t<\/div>\n\t\t\t\t<\/div>\n\t\t<div class=\"elementor-element elementor-element-649a2a4 e-con-fit e-flex e-con e-child\" data-id=\"649a2a4\" data-element_type=\"container\" data-settings=\"{&quot;_ha_eqh_enable&quot;:false}\">\n\t\t\t\t<\/div>\n\t\t\t\t<div class=\"elementor-element elementor-element-497a511 elementor-widget__width-initial elementor-widget elementor-widget-text-editor\" data-id=\"497a511\" data-element_type=\"widget\" data-widget_type=\"text-editor.default\">\n\t\t\t\t<div class=\"elementor-widget-container\">\n\t\t\t\t\t\t\t\t\t<p>\u00a0 \u00a0 \u00a0With several years of experience in agriculture and a strong commitment to organic cultivation, we developed a deep appreciation for industrial hemp and CBD.<\/p><p>\u00a0 \u00a0 \u00a0Having experienced firsthand the impact it can have, the next natural step in our journey was to begin cultivating this remarkable plant ourselves, while continuing to explore, test, and refine different products. \nThis hands-on approach allows us to ensure quality, consistency, and maximum effectiveness in every formulation.<\/p><p>\u00a0 \u00a0 \u00a0 Today, we share the knowledge and insights gained throughout our journey, helping you navigate a wide range of products to find what truly fits your individual needs. At the same time, we remain committed to continuous learning and expanding our expertise in this ever-evolving field.<\/p><p>\u00a0 \u00a0 \u00a0 In addition, as distributors of award-winning international brands, we also offer carefully selected premium CBD products from trusted global producers, ensuring a diverse and high-quality product range.\u00a0<\/p>\t\t\t\t\t\t\t\t<\/div>\n\t\t\t\t<\/div>\n\t\t\t\t\t<\/div>\n\t\t\t\t<\/div>\n\t\t\t\t<\/div>","protected":false},"excerpt":{"rendered":"<p>O nama \u00a0 \u00a0 \u00a0Nekoliko godina rada u poljoprivredi i posve\u0107enosti ekolo\u0161kom uzgoju, obogatili smo upoznavanjem s blagodatima industrijske konoplje i CBD-a. \u00a0 \u00a0 \u00a0Nakon \u0161to smo na svojoj ko\u017ei osjetili kakva stanja mo\u017ee pomo\u0107i popraviti i u kojoj mjeri, sljede\u0107i logi\u010dan korak bio je okretanje vlastitom uzgoju te veli\u010danstvene biljke, kao i daljnje istra\u017eivanje,&hellip;<\/p>","protected":false},"author":1,"featured_media":0,"parent":0,"menu_order":0,"comment_status":"closed","ping_status":"closed","template":"elementor_header_footer","meta":{"footnotes":""},"class_list":["post-8181","page","type-page","status-publish","hentry"],"yoast_head":"<!-- This site is optimized with the Yoast SEO plugin v24.1 - https:\/\/yoast.com\/wordpress\/plugins\/seo\/ -->\n<title>O nama - CALI<\/title>\n<meta name=\"robots\" content=\"noindex, follow, max-snippet:-1, max-image-preview:large, max-video-preview:-1\" \/>\n<meta property=\"og:locale\" content=\"en_US\" \/>\n<meta property=\"og:type\" content=\"article\" \/>\n<meta property=\"og:title\" content=\"O nama - CALI\" \/>\n<meta property=\"og:description\" content=\"O nama \u00a0 \u00a0 \u00a0Nekoliko godina rada u poljoprivredi i posve\u0107enosti ekolo\u0161kom uzgoju, obogatili smo upoznavanjem s blagodatima industrijske konoplje i CBD-a. \u00a0 \u00a0 \u00a0Nakon \u0161to smo na svojoj ko\u017ei osjetili kakva stanja mo\u017ee pomo\u0107i popraviti i u kojoj mjeri, sljede\u0107i logi\u010dan korak bio je okretanje vlastitom uzgoju te veli\u010danstvene biljke, kao i daljnje istra\u017eivanje,&hellip;\" \/>\n<meta property=\"og:url\" content=\"https:\/\/calishop.net\/en\/about-us\/\" \/>\n<meta property=\"og:site_name\" content=\"CALI\" \/>\n<meta property=\"article:modified_time\" content=\"2024-03-04T14:48:52+00:00\" \/>\n<meta property=\"og:image\" content=\"http:\/\/cali.hr\/wp-content\/uploads\/2024\/03\/Untitled-design-9.png\" \/>\n<meta name=\"twitter:card\" content=\"summary_large_image\" \/>\n<meta name=\"twitter:label1\" content=\"Est. reading time\" \/>\n\t<meta name=\"twitter:data1\" content=\"1 minute\" \/>\n<script type=\"application\/ld+json\" class=\"yoast-schema-graph\">{\"@context\":\"https:\/\/schema.org\",\"@graph\":[{\"@type\":\"WebPage\",\"@id\":\"https:\/\/calishop.net\/about-us\/\",\"url\":\"https:\/\/calishop.net\/about-us\/\",\"name\":\"O nama - CALI\",\"isPartOf\":{\"@id\":\"https:\/\/calishop.net\/#website\"},\"primaryImageOfPage\":{\"@id\":\"https:\/\/calishop.net\/about-us\/#primaryimage\"},\"image\":{\"@id\":\"https:\/\/calishop.net\/about-us\/#primaryimage\"},\"thumbnailUrl\":\"http:\/\/cali.hr\/wp-content\/uploads\/2024\/03\/Untitled-design-9.png\",\"datePublished\":\"2024-02-15T19:46:32+00:00\",\"dateModified\":\"2024-03-04T14:48:52+00:00\",\"breadcrumb\":{\"@id\":\"https:\/\/calishop.net\/about-us\/#breadcrumb\"},\"inLanguage\":\"en-US\",\"potentialAction\":[{\"@type\":\"ReadAction\",\"target\":[\"https:\/\/calishop.net\/about-us\/\"]}]},{\"@type\":\"ImageObject\",\"inLanguage\":\"en-US\",\"@id\":\"https:\/\/calishop.net\/about-us\/#primaryimage\",\"url\":\"http:\/\/cali.hr\/wp-content\/uploads\/2024\/03\/Untitled-design-9.png\",\"contentUrl\":\"http:\/\/cali.hr\/wp-content\/uploads\/2024\/03\/Untitled-design-9.png\"},{\"@type\":\"BreadcrumbList\",\"@id\":\"https:\/\/calishop.net\/about-us\/#breadcrumb\",\"itemListElement\":[{\"@type\":\"ListItem\",\"position\":1,\"name\":\"Po\u010detna stranica\",\"item\":\"https:\/\/calishop.net\/\"},{\"@type\":\"ListItem\",\"position\":2,\"name\":\"O nama\"}]},{\"@type\":\"WebSite\",\"@id\":\"https:\/\/calishop.net\/#website\",\"url\":\"https:\/\/calishop.net\/\",\"name\":\"CALI\",\"description\":\"Balans na prirodan na\u010din\",\"publisher\":{\"@id\":\"https:\/\/calishop.net\/#organization\"},\"potentialAction\":[{\"@type\":\"SearchAction\",\"target\":{\"@type\":\"EntryPoint\",\"urlTemplate\":\"https:\/\/calishop.net\/?s={search_term_string}\"},\"query-input\":{\"@type\":\"PropertyValueSpecification\",\"valueRequired\":true,\"valueName\":\"search_term_string\"}}],\"inLanguage\":\"en-US\"},{\"@type\":\"Organization\",\"@id\":\"https:\/\/calishop.net\/#organization\",\"name\":\"CALI\",\"url\":\"https:\/\/calishop.net\/\",\"logo\":{\"@type\":\"ImageObject\",\"inLanguage\":\"en-US\",\"@id\":\"https:\/\/calishop.net\/#\/schema\/logo\/image\/\",\"url\":\"https:\/\/calishop.net\/wp-content\/uploads\/2021\/05\/vital-logo-seven.svg\",\"contentUrl\":\"https:\/\/calishop.net\/wp-content\/uploads\/2021\/05\/vital-logo-seven.svg\",\"width\":278,\"height\":56,\"caption\":\"CALI\"},\"image\":{\"@id\":\"https:\/\/calishop.net\/#\/schema\/logo\/image\/\"}}]}<\/script>\n<!-- \/ Yoast SEO plugin. -->","yoast_head_json":{"title":"O nama - CALI","robots":{"index":"noindex","follow":"follow","max-snippet":"max-snippet:-1","max-image-preview":"max-image-preview:large","max-video-preview":"max-video-preview:-1"},"og_locale":"en_US","og_type":"article","og_title":"O nama - CALI","og_description":"O nama \u00a0 \u00a0 \u00a0Nekoliko godina rada u poljoprivredi i posve\u0107enosti ekolo\u0161kom uzgoju, obogatili smo upoznavanjem s blagodatima industrijske konoplje i CBD-a. \u00a0 \u00a0 \u00a0Nakon \u0161to smo na svojoj ko\u017ei osjetili kakva stanja mo\u017ee pomo\u0107i popraviti i u kojoj mjeri, sljede\u0107i logi\u010dan korak bio je okretanje vlastitom uzgoju te veli\u010danstvene biljke, kao i daljnje istra\u017eivanje,&hellip;","og_url":"https:\/\/calishop.net\/en\/about-us\/","og_site_name":"CALI","article_modified_time":"2024-03-04T14:48:52+00:00","og_image":[{"url":"http:\/\/cali.hr\/wp-content\/uploads\/2024\/03\/Untitled-design-9.png","type":"","width":"","height":""}],"twitter_card":"summary_large_image","twitter_misc":{"Est. reading time":"1 minute"},"schema":{"@context":"https:\/\/schema.org","@graph":[{"@type":"WebPage","@id":"https:\/\/calishop.net\/about-us\/","url":"https:\/\/calishop.net\/about-us\/","name":"O nama - CALI","isPartOf":{"@id":"https:\/\/calishop.net\/#website"},"primaryImageOfPage":{"@id":"https:\/\/calishop.net\/about-us\/#primaryimage"},"image":{"@id":"https:\/\/calishop.net\/about-us\/#primaryimage"},"thumbnailUrl":"http:\/\/cali.hr\/wp-content\/uploads\/2024\/03\/Untitled-design-9.png","datePublished":"2024-02-15T19:46:32+00:00","dateModified":"2024-03-04T14:48:52+00:00","breadcrumb":{"@id":"https:\/\/calishop.net\/about-us\/#breadcrumb"},"inLanguage":"en-US","potentialAction":[{"@type":"ReadAction","target":["https:\/\/calishop.net\/about-us\/"]}]},{"@type":"ImageObject","inLanguage":"en-US","@id":"https:\/\/calishop.net\/about-us\/#primaryimage","url":"http:\/\/cali.hr\/wp-content\/uploads\/2024\/03\/Untitled-design-9.png","contentUrl":"http:\/\/cali.hr\/wp-content\/uploads\/2024\/03\/Untitled-design-9.png"},{"@type":"BreadcrumbList","@id":"https:\/\/calishop.net\/about-us\/#breadcrumb","itemListElement":[{"@type":"ListItem","position":1,"name":"Po\u010detna stranica","item":"https:\/\/calishop.net\/"},{"@type":"ListItem","position":2,"name":"O nama"}]},{"@type":"WebSite","@id":"https:\/\/calishop.net\/#website","url":"https:\/\/calishop.net\/","name":"CALI","description":"Balans na prirodan na\u010din","publisher":{"@id":"https:\/\/calishop.net\/#organization"},"potentialAction":[{"@type":"SearchAction","target":{"@type":"EntryPoint","urlTemplate":"https:\/\/calishop.net\/?s={search_term_string}"},"query-input":{"@type":"PropertyValueSpecification","valueRequired":true,"valueName":"search_term_string"}}],"inLanguage":"en-US"},{"@type":"Organization","@id":"https:\/\/calishop.net\/#organization","name":"CALI","url":"https:\/\/calishop.net\/","logo":{"@type":"ImageObject","inLanguage":"en-US","@id":"https:\/\/calishop.net\/#\/schema\/logo\/image\/","url":"https:\/\/calishop.net\/wp-content\/uploads\/2021\/05\/vital-logo-seven.svg","contentUrl":"https:\/\/calishop.net\/wp-content\/uploads\/2021\/05\/vital-logo-seven.svg","width":278,"height":56,"caption":"CALI"},"image":{"@id":"https:\/\/calishop.net\/#\/schema\/logo\/image\/"}}]}},"jetpack_sharing_enabled":true,"_links":{"self":[{"href":"https:\/\/calishop.net\/en\/wp-json\/wp\/v2\/pages\/8181","targetHints":{"allow":["GET"]}}],"collection":[{"href":"https:\/\/calishop.net\/en\/wp-json\/wp\/v2\/pages"}],"about":[{"href":"https:\/\/calishop.net\/en\/wp-json\/wp\/v2\/types\/page"}],"author":[{"embeddable":true,"href":"https:\/\/calishop.net\/en\/wp-json\/wp\/v2\/users\/1"}],"replies":[{"embeddable":true,"href":"https:\/\/calishop.net\/en\/wp-json\/wp\/v2\/comments?post=8181"}],"version-history":[{"count":14,"href":"https:\/\/calishop.net\/en\/wp-json\/wp\/v2\/pages\/8181\/revisions"}],"predecessor-version":[{"id":8832,"href":"https:\/\/calishop.net\/en\/wp-json\/wp\/v2\/pages\/8181\/revisions\/8832"}],"wp:attachment":[{"href":"https:\/\/calishop.net\/en\/wp-json\/wp\/v2\/media?parent=8181"}],"curies":[{"name":"wp","href":"https:\/\/api.w.org\/{rel}","templated":true}]}}