{"id":8281,"date":"2024-02-18T18:40:00","date_gmt":"2024-02-18T18:40:00","guid":{"rendered":"https:\/\/cali.hr\/?post_type=product&#038;p=8281"},"modified":"2025-12-20T19:04:22","modified_gmt":"2025-12-20T18:04:22","slug":"orange-county-blueberry-muffin-jednokratna-elektricna-pusilica-sa-700-udisaja-600mg-cbd-a-1-ml","status":"publish","type":"product","link":"https:\/\/calishop.net\/en\/product\/orange-county-blueberry-muffin-jednokratna-elektricna-pusilica-sa-700-udisaja-600mg-cbd-a-1-ml\/","title":{"rendered":"Orange county Blueberry Muffin jednokratna elektri\u010dna pu\u0161ilica sa 700 udisaja, 600mg cbd-a, 1 ml"},"content":{"rendered":"<p>Za istinski izvanredno iskustvo vape-a,\u00a0 jednokratne CBD vape olovke Blueberry Muffin jednostavno se ne mogu nadma\u0161iti. Ova ukusna sorta u obliku vape-a jednostavnog za kori\u0161tenje omogu\u0107uje nam da vam pru\u017eimo najugodnije mogu\u0107e iskustvo CBD vape-a.<\/p>\n<p>CBD vape olovka za jednokratnu upotrebu Blueberry Muffin napravljena je od prirodnih terpena. Ovi organski spojevi dodaju taj ekstra autenti\u010dan okus za savr\u0161eno rekreiranje iskustva muffina s borovnicama.<\/p>\n<p>Pun cbd ekstrakta sa \u00a0700 sna\u017enih dizanja, Blueberry Muffin savr\u0161en je i za one koji su novi u svijetu CBD vapinga i za iskusne korisnike koji tra\u017ee stalnu kvalitetu.<\/p>\n<p>Napravljene od na\u0161eg nagra\u0111ivanog CBD-a \u0161irokog spektra, svaka od na\u0161ih jednokratnih CBD vape olovki Blueberry Muffin ima sna\u017ean u\u010dinak.<\/p>\n<p><strong>Product Specifications<\/strong><\/p>\n<p>Brend: Orange county<\/p>\n<p>CBD: 60% (600mg)<\/p>\n<p>THC: &lt;0,0%<\/p>\n<p>Udio nikotina: 0mg\/ml<\/p>\n<p>Koli\u010dina: 1ml<\/p>\n<p><strong>Sastojci:<\/strong> Cannabis sativa L ekstrakt (600mg \u00a0po 1 ml), prirodni terpeni i flavanoidi<\/p>","protected":false},"excerpt":{"rendered":"<p><strong>Product Specifications<\/strong><\/p>\n<p>Brend: Orange county<\/p>\n<p>CBD: 60% (600mg)<\/p>\n<p>THC: &lt;0,0%<\/p>\n<p>Udio nikotina: 0mg\/ml<\/p>\n<p>Koli\u010dina: 1ml<\/p>","protected":false},"featured_media":8290,"comment_status":"open","ping_status":"closed","template":"","meta":[],"product_brand":[],"product_cat":[45],"product_tag":[],"class_list":{"0":"post-8281","1":"product","2":"type-product","3":"status-publish","4":"has-post-thumbnail","6":"product_cat-cbd-vape","7":"description-off","9":"first","10":"instock","11":"shipping-taxable","12":"purchasable","13":"product-type-simple"},"yoast_head":"<!-- This site is optimized with the Yoast SEO plugin v24.1 - https:\/\/yoast.com\/wordpress\/plugins\/seo\/ -->\n<title>Orange county Blueberry Muffin jednokratna elektri\u010dna pu\u0161ilica sa 700 udisaja, 600mg cbd-a, 1 ml - CALI<\/title>\n<meta name=\"robots\" content=\"noindex, follow, max-snippet:-1, max-image-preview:large, max-video-preview:-1\" \/>\n<meta property=\"og:locale\" content=\"en_US\" \/>\n<meta property=\"og:type\" content=\"article\" \/>\n<meta property=\"og:title\" content=\"Orange county Blueberry Muffin jednokratna elektri\u010dna pu\u0161ilica sa 700 udisaja, 600mg cbd-a, 1 ml - CALI\" \/>\n<meta property=\"og:description\" content=\"Specifikacije:  Brend: Orange county  CBD: 60% (600mg)  THC: &lt;0,0%  Udio nikotina: 0mg\/ml  Koli\u010dina: 1ml\" \/>\n<meta property=\"og:url\" content=\"https:\/\/calishop.net\/en\/product\/orange-county-blueberry-muffin-jednokratna-elektricna-pusilica-sa-700-udisaja-600mg-cbd-a-1-ml\/\" \/>\n<meta property=\"og:site_name\" content=\"CALI\" \/>\n<meta property=\"article:modified_time\" content=\"2025-12-20T18:04:22+00:00\" \/>\n<meta property=\"og:image\" content=\"https:\/\/calishop.net\/wp-content\/uploads\/2024\/02\/1-1.jpg\" \/>\n\t<meta property=\"og:image:width\" content=\"1080\" \/>\n\t<meta property=\"og:image:height\" content=\"1080\" \/>\n\t<meta property=\"og:image:type\" content=\"image\/jpeg\" \/>\n<meta name=\"twitter:card\" content=\"summary_large_image\" \/>\n<meta name=\"twitter:label1\" content=\"Est. reading time\" \/>\n\t<meta name=\"twitter:data1\" content=\"1 minute\" \/>\n<script type=\"application\/ld+json\" class=\"yoast-schema-graph\">{\"@context\":\"https:\/\/schema.org\",\"@graph\":[{\"@type\":\"WebPage\",\"@id\":\"https:\/\/calishop.net\/proizvod\/orange-county-blueberry-muffin-jednokratna-elektricna-pusilica-sa-700-udisaja-600mg-cbd-a-1-ml\/\",\"url\":\"https:\/\/calishop.net\/proizvod\/orange-county-blueberry-muffin-jednokratna-elektricna-pusilica-sa-700-udisaja-600mg-cbd-a-1-ml\/\",\"name\":\"Orange county Blueberry Muffin jednokratna elektri\u010dna pu\u0161ilica sa 700 udisaja, 600mg cbd-a, 1 ml - CALI\",\"isPartOf\":{\"@id\":\"https:\/\/calishop.net\/#website\"},\"primaryImageOfPage\":{\"@id\":\"https:\/\/calishop.net\/proizvod\/orange-county-blueberry-muffin-jednokratna-elektricna-pusilica-sa-700-udisaja-600mg-cbd-a-1-ml\/#primaryimage\"},\"image\":{\"@id\":\"https:\/\/calishop.net\/proizvod\/orange-county-blueberry-muffin-jednokratna-elektricna-pusilica-sa-700-udisaja-600mg-cbd-a-1-ml\/#primaryimage\"},\"thumbnailUrl\":\"https:\/\/calishop.net\/wp-content\/uploads\/2024\/02\/1-1.jpg\",\"datePublished\":\"2024-02-18T18:40:00+00:00\",\"dateModified\":\"2025-12-20T18:04:22+00:00\",\"breadcrumb\":{\"@id\":\"https:\/\/calishop.net\/proizvod\/orange-county-blueberry-muffin-jednokratna-elektricna-pusilica-sa-700-udisaja-600mg-cbd-a-1-ml\/#breadcrumb\"},\"inLanguage\":\"en-US\",\"potentialAction\":[{\"@type\":\"ReadAction\",\"target\":[\"https:\/\/calishop.net\/proizvod\/orange-county-blueberry-muffin-jednokratna-elektricna-pusilica-sa-700-udisaja-600mg-cbd-a-1-ml\/\"]}]},{\"@type\":\"ImageObject\",\"inLanguage\":\"en-US\",\"@id\":\"https:\/\/calishop.net\/proizvod\/orange-county-blueberry-muffin-jednokratna-elektricna-pusilica-sa-700-udisaja-600mg-cbd-a-1-ml\/#primaryimage\",\"url\":\"https:\/\/calishop.net\/wp-content\/uploads\/2024\/02\/1-1.jpg\",\"contentUrl\":\"https:\/\/calishop.net\/wp-content\/uploads\/2024\/02\/1-1.jpg\",\"width\":1080,\"height\":1080},{\"@type\":\"BreadcrumbList\",\"@id\":\"https:\/\/calishop.net\/proizvod\/orange-county-blueberry-muffin-jednokratna-elektricna-pusilica-sa-700-udisaja-600mg-cbd-a-1-ml\/#breadcrumb\",\"itemListElement\":[{\"@type\":\"ListItem\",\"position\":1,\"name\":\"Po\u010detna stranica\",\"item\":\"https:\/\/calishop.net\/\"},{\"@type\":\"ListItem\",\"position\":2,\"name\":\"Trgovina\",\"item\":\"https:\/\/calishop.net\/shop\/\"},{\"@type\":\"ListItem\",\"position\":3,\"name\":\"Orange county Blueberry Muffin jednokratna elektri\u010dna pu\u0161ilica sa 700 udisaja, 600mg cbd-a, 1 ml\"}]},{\"@type\":\"WebSite\",\"@id\":\"https:\/\/calishop.net\/#website\",\"url\":\"https:\/\/calishop.net\/\",\"name\":\"CALI\",\"description\":\"Balans na prirodan na\u010din\",\"publisher\":{\"@id\":\"https:\/\/calishop.net\/#organization\"},\"potentialAction\":[{\"@type\":\"SearchAction\",\"target\":{\"@type\":\"EntryPoint\",\"urlTemplate\":\"https:\/\/calishop.net\/?s={search_term_string}\"},\"query-input\":{\"@type\":\"PropertyValueSpecification\",\"valueRequired\":true,\"valueName\":\"search_term_string\"}}],\"inLanguage\":\"en-US\"},{\"@type\":\"Organization\",\"@id\":\"https:\/\/calishop.net\/#organization\",\"name\":\"CALI\",\"url\":\"https:\/\/calishop.net\/\",\"logo\":{\"@type\":\"ImageObject\",\"inLanguage\":\"en-US\",\"@id\":\"https:\/\/calishop.net\/#\/schema\/logo\/image\/\",\"url\":\"https:\/\/calishop.net\/wp-content\/uploads\/2021\/05\/vital-logo-seven.svg\",\"contentUrl\":\"https:\/\/calishop.net\/wp-content\/uploads\/2021\/05\/vital-logo-seven.svg\",\"width\":278,\"height\":56,\"caption\":\"CALI\"},\"image\":{\"@id\":\"https:\/\/calishop.net\/#\/schema\/logo\/image\/\"}}]}<\/script>\n<!-- \/ Yoast SEO plugin. -->","yoast_head_json":{"title":"Orange county Blueberry Muffin jednokratna elektri\u010dna pu\u0161ilica sa 700 udisaja, 600mg cbd-a, 1 ml - CALI","robots":{"index":"noindex","follow":"follow","max-snippet":"max-snippet:-1","max-image-preview":"max-image-preview:large","max-video-preview":"max-video-preview:-1"},"og_locale":"en_US","og_type":"article","og_title":"Orange county Blueberry Muffin jednokratna elektri\u010dna pu\u0161ilica sa 700 udisaja, 600mg cbd-a, 1 ml - CALI","og_description":"Specifikacije:  Brend: Orange county  CBD: 60% (600mg)  THC: &lt;0,0%  Udio nikotina: 0mg\/ml  Koli\u010dina: 1ml","og_url":"https:\/\/calishop.net\/en\/product\/orange-county-blueberry-muffin-jednokratna-elektricna-pusilica-sa-700-udisaja-600mg-cbd-a-1-ml\/","og_site_name":"CALI","article_modified_time":"2025-12-20T18:04:22+00:00","og_image":[{"width":1080,"height":1080,"url":"https:\/\/calishop.net\/wp-content\/uploads\/2024\/02\/1-1.jpg","type":"image\/jpeg"}],"twitter_card":"summary_large_image","twitter_misc":{"Est. reading time":"1 minute"},"schema":{"@context":"https:\/\/schema.org","@graph":[{"@type":"WebPage","@id":"https:\/\/calishop.net\/proizvod\/orange-county-blueberry-muffin-jednokratna-elektricna-pusilica-sa-700-udisaja-600mg-cbd-a-1-ml\/","url":"https:\/\/calishop.net\/proizvod\/orange-county-blueberry-muffin-jednokratna-elektricna-pusilica-sa-700-udisaja-600mg-cbd-a-1-ml\/","name":"Orange county Blueberry Muffin jednokratna elektri\u010dna pu\u0161ilica sa 700 udisaja, 600mg cbd-a, 1 ml - CALI","isPartOf":{"@id":"https:\/\/calishop.net\/#website"},"primaryImageOfPage":{"@id":"https:\/\/calishop.net\/proizvod\/orange-county-blueberry-muffin-jednokratna-elektricna-pusilica-sa-700-udisaja-600mg-cbd-a-1-ml\/#primaryimage"},"image":{"@id":"https:\/\/calishop.net\/proizvod\/orange-county-blueberry-muffin-jednokratna-elektricna-pusilica-sa-700-udisaja-600mg-cbd-a-1-ml\/#primaryimage"},"thumbnailUrl":"https:\/\/calishop.net\/wp-content\/uploads\/2024\/02\/1-1.jpg","datePublished":"2024-02-18T18:40:00+00:00","dateModified":"2025-12-20T18:04:22+00:00","breadcrumb":{"@id":"https:\/\/calishop.net\/proizvod\/orange-county-blueberry-muffin-jednokratna-elektricna-pusilica-sa-700-udisaja-600mg-cbd-a-1-ml\/#breadcrumb"},"inLanguage":"en-US","potentialAction":[{"@type":"ReadAction","target":["https:\/\/calishop.net\/proizvod\/orange-county-blueberry-muffin-jednokratna-elektricna-pusilica-sa-700-udisaja-600mg-cbd-a-1-ml\/"]}]},{"@type":"ImageObject","inLanguage":"en-US","@id":"https:\/\/calishop.net\/proizvod\/orange-county-blueberry-muffin-jednokratna-elektricna-pusilica-sa-700-udisaja-600mg-cbd-a-1-ml\/#primaryimage","url":"https:\/\/calishop.net\/wp-content\/uploads\/2024\/02\/1-1.jpg","contentUrl":"https:\/\/calishop.net\/wp-content\/uploads\/2024\/02\/1-1.jpg","width":1080,"height":1080},{"@type":"BreadcrumbList","@id":"https:\/\/calishop.net\/proizvod\/orange-county-blueberry-muffin-jednokratna-elektricna-pusilica-sa-700-udisaja-600mg-cbd-a-1-ml\/#breadcrumb","itemListElement":[{"@type":"ListItem","position":1,"name":"Po\u010detna stranica","item":"https:\/\/calishop.net\/"},{"@type":"ListItem","position":2,"name":"Trgovina","item":"https:\/\/calishop.net\/shop\/"},{"@type":"ListItem","position":3,"name":"Orange county Blueberry Muffin jednokratna elektri\u010dna pu\u0161ilica sa 700 udisaja, 600mg cbd-a, 1 ml"}]},{"@type":"WebSite","@id":"https:\/\/calishop.net\/#website","url":"https:\/\/calishop.net\/","name":"CALI","description":"Balans na prirodan na\u010din","publisher":{"@id":"https:\/\/calishop.net\/#organization"},"potentialAction":[{"@type":"SearchAction","target":{"@type":"EntryPoint","urlTemplate":"https:\/\/calishop.net\/?s={search_term_string}"},"query-input":{"@type":"PropertyValueSpecification","valueRequired":true,"valueName":"search_term_string"}}],"inLanguage":"en-US"},{"@type":"Organization","@id":"https:\/\/calishop.net\/#organization","name":"CALI","url":"https:\/\/calishop.net\/","logo":{"@type":"ImageObject","inLanguage":"en-US","@id":"https:\/\/calishop.net\/#\/schema\/logo\/image\/","url":"https:\/\/calishop.net\/wp-content\/uploads\/2021\/05\/vital-logo-seven.svg","contentUrl":"https:\/\/calishop.net\/wp-content\/uploads\/2021\/05\/vital-logo-seven.svg","width":278,"height":56,"caption":"CALI"},"image":{"@id":"https:\/\/calishop.net\/#\/schema\/logo\/image\/"}}]}},"jetpack_sharing_enabled":true,"_links":{"self":[{"href":"https:\/\/calishop.net\/en\/wp-json\/wp\/v2\/product\/8281","targetHints":{"allow":["GET"]}}],"collection":[{"href":"https:\/\/calishop.net\/en\/wp-json\/wp\/v2\/product"}],"about":[{"href":"https:\/\/calishop.net\/en\/wp-json\/wp\/v2\/types\/product"}],"replies":[{"embeddable":true,"href":"https:\/\/calishop.net\/en\/wp-json\/wp\/v2\/comments?post=8281"}],"version-history":[{"count":1,"href":"https:\/\/calishop.net\/en\/wp-json\/wp\/v2\/product\/8281\/revisions"}],"predecessor-version":[{"id":8292,"href":"https:\/\/calishop.net\/en\/wp-json\/wp\/v2\/product\/8281\/revisions\/8292"}],"wp:featuredmedia":[{"embeddable":true,"href":"https:\/\/calishop.net\/en\/wp-json\/wp\/v2\/media\/8290"}],"wp:attachment":[{"href":"https:\/\/calishop.net\/en\/wp-json\/wp\/v2\/media?parent=8281"}],"wp:term":[{"taxonomy":"product_brand","embeddable":true,"href":"https:\/\/calishop.net\/en\/wp-json\/wp\/v2\/product_brand?post=8281"},{"taxonomy":"product_cat","embeddable":true,"href":"https:\/\/calishop.net\/en\/wp-json\/wp\/v2\/product_cat?post=8281"},{"taxonomy":"product_tag","embeddable":true,"href":"https:\/\/calishop.net\/en\/wp-json\/wp\/v2\/product_tag?post=8281"}],"curies":[{"name":"wp","href":"https:\/\/api.w.org\/{rel}","templated":true}]}}