{"id":8833,"date":"2024-03-04T14:55:27","date_gmt":"2024-03-04T14:55:27","guid":{"rendered":"https:\/\/cali.hr\/?post_type=product&#038;p=8833"},"modified":"2025-01-22T23:27:51","modified_gmt":"2025-01-22T22:27:51","slug":"cbd-pasta-punog-spektra-2500mg-5ml","status":"publish","type":"product","link":"https:\/\/calishop.net\/en\/product\/cbd-pasta-punog-spektra-2500mg-5ml\/","title":{"rendered":"CBD pasta punog spektra 2500mg, 5ml"},"content":{"rendered":"<p><strong>Cali CBD pasta 2500mg (50%), 5ml<\/strong><\/p>\n<p>Jedna \u0161prica sadr\u017ei 5 ml \u010distog ekstrakta biljke konoplje \u00a0s minimalnim postotkom CBD-a od 50,00% (2500 mg kanabidiola). \u0160price s CBD pastom pune se neposredno nakon va\u0111enja iz biljke i dr\u017ee na hladnom za najbolje rezultate.<\/p>\n<p>Osim visoke koncentracije CBD-a, ova pasta tako\u0111er sadr\u017ei kanabinoide kao \u0161to su CBG, CBN i CBC. Osim toga, CBD pasta uklju\u010duje prirodno prisutne, terpene i terpenoide koji pasti daju jedinstveni okus i podr\u017eavaju u\u010dinak okru\u017eenja (Entourage effect) proizvoda. Upravo onako kako je i priroda zamislila biljku. Po\u0161tuju\u0107i prirodne sastojke biljke i odr\u017eavaju\u0107i na\u0161e proizvode svje\u017eima i laboratorijski ispitanima; CBD pasta tvrtke Cali nedvojbeno je jedna od naj\u010di\u0161\u0107ih CBD pasta dostupnih danas.<\/p>\n<p>&nbsp;<\/p>\n<p><strong>\u010cisti i organski uzgojeni sastojci<\/strong><\/p>\n<p>\u010cisti ekstrakt konoplje iz organskih, EU-certificiranih biljaka konoplje s minimalno 50,00% (2500mg) CBD-a. Na\u0161i proizvodi su doma\u0107eg podrijetla i koristimo samo cvjetove organski proizvedenih biljaka konoplje. Ekstrakcijom aktivnih sastojaka ba\u0161 onako kako je to priroda zamislila, osiguravamo da proizvodi daju prave u\u010dinke i najbolje rezultate.<\/p>\n<p><strong>Product Specifications<\/strong><\/p>\n<p>Brand: Cali<\/p>\n<p>CBD: 50% (2500 mg)<\/p>\n<p>Third-party tested \u2022 EU-grown hemp THC &lt;0.2%<\/p>\n<p>Koli\u010dina: 5ml<\/p>\n<p><strong>Sastojci:<\/strong> Cannabis Sativa seed oil, Cannabis Sativa flower extract. \u010cuvati na suhom, hladnom i tamnom mjestu, izvan dohvata djece. Rok trajanja i serijski broj ozna\u010deni na pakiranju. Protresti prije upotrebe.<\/p>","protected":false},"excerpt":{"rendered":"<p><strong>Product Specifications<\/strong><\/p>\n<p>Brand: Cali<\/p>\n<p>CBD: 2500mg<\/p>\n<p>Third-party tested \u2022 EU-grown hemp THC &lt;0.2%<\/p>\n<p>Koli\u010dina: 5ml<\/p>\n<p>&nbsp;<\/p>","protected":false},"featured_media":8834,"comment_status":"open","ping_status":"closed","template":"","meta":[],"product_brand":[],"product_cat":[15],"product_tag":[],"class_list":{"0":"post-8833","1":"product","2":"type-product","3":"status-publish","4":"has-post-thumbnail","6":"product_cat-cbd-paste","7":"description-off","9":"first","10":"instock","11":"shipping-taxable","12":"purchasable","13":"product-type-simple"},"yoast_head":"<!-- This site is optimized with the Yoast SEO plugin v24.1 - https:\/\/yoast.com\/wordpress\/plugins\/seo\/ -->\n<title>CBD pasta punog spektra 2500mg, 5ml - CALI<\/title>\n<meta name=\"robots\" content=\"noindex, follow, max-snippet:-1, max-image-preview:large, max-video-preview:-1\" \/>\n<meta property=\"og:locale\" content=\"en_US\" \/>\n<meta property=\"og:type\" content=\"article\" \/>\n<meta property=\"og:title\" content=\"CBD pasta punog spektra 2500mg, 5ml - CALI\" \/>\n<meta property=\"og:description\" content=\"Specifikacije:  Brend: Cali  CBD: 2500mg  THC: &lt;0,2%  Koli\u010dina: 5ml  &nbsp;\" \/>\n<meta property=\"og:url\" content=\"https:\/\/calishop.net\/en\/product\/cbd-pasta-punog-spektra-2500mg-5ml\/\" \/>\n<meta property=\"og:site_name\" content=\"CALI\" \/>\n<meta property=\"article:modified_time\" content=\"2025-01-22T22:27:51+00:00\" \/>\n<meta property=\"og:image\" content=\"https:\/\/calishop.net\/wp-content\/uploads\/2024\/03\/DSC_2621.jpg\" \/>\n\t<meta property=\"og:image:width\" content=\"2362\" \/>\n\t<meta property=\"og:image:height\" content=\"1622\" \/>\n\t<meta property=\"og:image:type\" content=\"image\/jpeg\" \/>\n<meta name=\"twitter:card\" content=\"summary_large_image\" \/>\n<meta name=\"twitter:label1\" content=\"Est. reading time\" \/>\n\t<meta name=\"twitter:data1\" content=\"2 minutes\" \/>\n<script type=\"application\/ld+json\" class=\"yoast-schema-graph\">{\"@context\":\"https:\/\/schema.org\",\"@graph\":[{\"@type\":\"WebPage\",\"@id\":\"https:\/\/calishop.net\/proizvod\/cbd-pasta-punog-spektra-2500mg-5ml\/\",\"url\":\"https:\/\/calishop.net\/proizvod\/cbd-pasta-punog-spektra-2500mg-5ml\/\",\"name\":\"CBD pasta punog spektra 2500mg, 5ml - CALI\",\"isPartOf\":{\"@id\":\"https:\/\/calishop.net\/#website\"},\"primaryImageOfPage\":{\"@id\":\"https:\/\/calishop.net\/proizvod\/cbd-pasta-punog-spektra-2500mg-5ml\/#primaryimage\"},\"image\":{\"@id\":\"https:\/\/calishop.net\/proizvod\/cbd-pasta-punog-spektra-2500mg-5ml\/#primaryimage\"},\"thumbnailUrl\":\"https:\/\/calishop.net\/wp-content\/uploads\/2024\/03\/DSC_2621.jpg\",\"datePublished\":\"2024-03-04T14:55:27+00:00\",\"dateModified\":\"2025-01-22T22:27:51+00:00\",\"breadcrumb\":{\"@id\":\"https:\/\/calishop.net\/proizvod\/cbd-pasta-punog-spektra-2500mg-5ml\/#breadcrumb\"},\"inLanguage\":\"en-US\",\"potentialAction\":[{\"@type\":\"ReadAction\",\"target\":[\"https:\/\/calishop.net\/proizvod\/cbd-pasta-punog-spektra-2500mg-5ml\/\"]}]},{\"@type\":\"ImageObject\",\"inLanguage\":\"en-US\",\"@id\":\"https:\/\/calishop.net\/proizvod\/cbd-pasta-punog-spektra-2500mg-5ml\/#primaryimage\",\"url\":\"https:\/\/calishop.net\/wp-content\/uploads\/2024\/03\/DSC_2621.jpg\",\"contentUrl\":\"https:\/\/calishop.net\/wp-content\/uploads\/2024\/03\/DSC_2621.jpg\",\"width\":2362,\"height\":1622},{\"@type\":\"BreadcrumbList\",\"@id\":\"https:\/\/calishop.net\/proizvod\/cbd-pasta-punog-spektra-2500mg-5ml\/#breadcrumb\",\"itemListElement\":[{\"@type\":\"ListItem\",\"position\":1,\"name\":\"Po\u010detna stranica\",\"item\":\"https:\/\/calishop.net\/\"},{\"@type\":\"ListItem\",\"position\":2,\"name\":\"Trgovina\",\"item\":\"https:\/\/calishop.net\/shop\/\"},{\"@type\":\"ListItem\",\"position\":3,\"name\":\"CBD pasta punog spektra 2500mg, 5ml\"}]},{\"@type\":\"WebSite\",\"@id\":\"https:\/\/calishop.net\/#website\",\"url\":\"https:\/\/calishop.net\/\",\"name\":\"CALI\",\"description\":\"Balans na prirodan na\u010din\",\"publisher\":{\"@id\":\"https:\/\/calishop.net\/#organization\"},\"potentialAction\":[{\"@type\":\"SearchAction\",\"target\":{\"@type\":\"EntryPoint\",\"urlTemplate\":\"https:\/\/calishop.net\/?s={search_term_string}\"},\"query-input\":{\"@type\":\"PropertyValueSpecification\",\"valueRequired\":true,\"valueName\":\"search_term_string\"}}],\"inLanguage\":\"en-US\"},{\"@type\":\"Organization\",\"@id\":\"https:\/\/calishop.net\/#organization\",\"name\":\"CALI\",\"url\":\"https:\/\/calishop.net\/\",\"logo\":{\"@type\":\"ImageObject\",\"inLanguage\":\"en-US\",\"@id\":\"https:\/\/calishop.net\/#\/schema\/logo\/image\/\",\"url\":\"https:\/\/calishop.net\/wp-content\/uploads\/2021\/05\/vital-logo-seven.svg\",\"contentUrl\":\"https:\/\/calishop.net\/wp-content\/uploads\/2021\/05\/vital-logo-seven.svg\",\"width\":278,\"height\":56,\"caption\":\"CALI\"},\"image\":{\"@id\":\"https:\/\/calishop.net\/#\/schema\/logo\/image\/\"}}]}<\/script>\n<!-- \/ Yoast SEO plugin. -->","yoast_head_json":{"title":"CBD pasta punog spektra 2500mg, 5ml - CALI","robots":{"index":"noindex","follow":"follow","max-snippet":"max-snippet:-1","max-image-preview":"max-image-preview:large","max-video-preview":"max-video-preview:-1"},"og_locale":"en_US","og_type":"article","og_title":"CBD pasta punog spektra 2500mg, 5ml - CALI","og_description":"Specifikacije:  Brend: Cali  CBD: 2500mg  THC: &lt;0,2%  Koli\u010dina: 5ml  &nbsp;","og_url":"https:\/\/calishop.net\/en\/product\/cbd-pasta-punog-spektra-2500mg-5ml\/","og_site_name":"CALI","article_modified_time":"2025-01-22T22:27:51+00:00","og_image":[{"width":2362,"height":1622,"url":"https:\/\/calishop.net\/wp-content\/uploads\/2024\/03\/DSC_2621.jpg","type":"image\/jpeg"}],"twitter_card":"summary_large_image","twitter_misc":{"Est. reading time":"2 minutes"},"schema":{"@context":"https:\/\/schema.org","@graph":[{"@type":"WebPage","@id":"https:\/\/calishop.net\/proizvod\/cbd-pasta-punog-spektra-2500mg-5ml\/","url":"https:\/\/calishop.net\/proizvod\/cbd-pasta-punog-spektra-2500mg-5ml\/","name":"CBD pasta punog spektra 2500mg, 5ml - CALI","isPartOf":{"@id":"https:\/\/calishop.net\/#website"},"primaryImageOfPage":{"@id":"https:\/\/calishop.net\/proizvod\/cbd-pasta-punog-spektra-2500mg-5ml\/#primaryimage"},"image":{"@id":"https:\/\/calishop.net\/proizvod\/cbd-pasta-punog-spektra-2500mg-5ml\/#primaryimage"},"thumbnailUrl":"https:\/\/calishop.net\/wp-content\/uploads\/2024\/03\/DSC_2621.jpg","datePublished":"2024-03-04T14:55:27+00:00","dateModified":"2025-01-22T22:27:51+00:00","breadcrumb":{"@id":"https:\/\/calishop.net\/proizvod\/cbd-pasta-punog-spektra-2500mg-5ml\/#breadcrumb"},"inLanguage":"en-US","potentialAction":[{"@type":"ReadAction","target":["https:\/\/calishop.net\/proizvod\/cbd-pasta-punog-spektra-2500mg-5ml\/"]}]},{"@type":"ImageObject","inLanguage":"en-US","@id":"https:\/\/calishop.net\/proizvod\/cbd-pasta-punog-spektra-2500mg-5ml\/#primaryimage","url":"https:\/\/calishop.net\/wp-content\/uploads\/2024\/03\/DSC_2621.jpg","contentUrl":"https:\/\/calishop.net\/wp-content\/uploads\/2024\/03\/DSC_2621.jpg","width":2362,"height":1622},{"@type":"BreadcrumbList","@id":"https:\/\/calishop.net\/proizvod\/cbd-pasta-punog-spektra-2500mg-5ml\/#breadcrumb","itemListElement":[{"@type":"ListItem","position":1,"name":"Po\u010detna stranica","item":"https:\/\/calishop.net\/"},{"@type":"ListItem","position":2,"name":"Trgovina","item":"https:\/\/calishop.net\/shop\/"},{"@type":"ListItem","position":3,"name":"CBD pasta punog spektra 2500mg, 5ml"}]},{"@type":"WebSite","@id":"https:\/\/calishop.net\/#website","url":"https:\/\/calishop.net\/","name":"CALI","description":"Balans na prirodan na\u010din","publisher":{"@id":"https:\/\/calishop.net\/#organization"},"potentialAction":[{"@type":"SearchAction","target":{"@type":"EntryPoint","urlTemplate":"https:\/\/calishop.net\/?s={search_term_string}"},"query-input":{"@type":"PropertyValueSpecification","valueRequired":true,"valueName":"search_term_string"}}],"inLanguage":"en-US"},{"@type":"Organization","@id":"https:\/\/calishop.net\/#organization","name":"CALI","url":"https:\/\/calishop.net\/","logo":{"@type":"ImageObject","inLanguage":"en-US","@id":"https:\/\/calishop.net\/#\/schema\/logo\/image\/","url":"https:\/\/calishop.net\/wp-content\/uploads\/2021\/05\/vital-logo-seven.svg","contentUrl":"https:\/\/calishop.net\/wp-content\/uploads\/2021\/05\/vital-logo-seven.svg","width":278,"height":56,"caption":"CALI"},"image":{"@id":"https:\/\/calishop.net\/#\/schema\/logo\/image\/"}}]}},"jetpack_sharing_enabled":true,"_links":{"self":[{"href":"https:\/\/calishop.net\/en\/wp-json\/wp\/v2\/product\/8833","targetHints":{"allow":["GET"]}}],"collection":[{"href":"https:\/\/calishop.net\/en\/wp-json\/wp\/v2\/product"}],"about":[{"href":"https:\/\/calishop.net\/en\/wp-json\/wp\/v2\/types\/product"}],"replies":[{"embeddable":true,"href":"https:\/\/calishop.net\/en\/wp-json\/wp\/v2\/comments?post=8833"}],"version-history":[{"count":10,"href":"https:\/\/calishop.net\/en\/wp-json\/wp\/v2\/product\/8833\/revisions"}],"predecessor-version":[{"id":9622,"href":"https:\/\/calishop.net\/en\/wp-json\/wp\/v2\/product\/8833\/revisions\/9622"}],"wp:featuredmedia":[{"embeddable":true,"href":"https:\/\/calishop.net\/en\/wp-json\/wp\/v2\/media\/8834"}],"wp:attachment":[{"href":"https:\/\/calishop.net\/en\/wp-json\/wp\/v2\/media?parent=8833"}],"wp:term":[{"taxonomy":"product_brand","embeddable":true,"href":"https:\/\/calishop.net\/en\/wp-json\/wp\/v2\/product_brand?post=8833"},{"taxonomy":"product_cat","embeddable":true,"href":"https:\/\/calishop.net\/en\/wp-json\/wp\/v2\/product_cat?post=8833"},{"taxonomy":"product_tag","embeddable":true,"href":"https:\/\/calishop.net\/en\/wp-json\/wp\/v2\/product_tag?post=8833"}],"curies":[{"name":"wp","href":"https:\/\/api.w.org\/{rel}","templated":true}]}}