{"id":9631,"date":"2024-07-05T17:00:41","date_gmt":"2024-07-05T15:00:41","guid":{"rendered":"https:\/\/cali.hr\/?post_type=product&#038;p=9631"},"modified":"2024-07-05T17:17:09","modified_gmt":"2024-07-05T15:17:09","slug":"cali-feelgood-cbd-ulje-500mg-10ml","status":"publish","type":"product","link":"https:\/\/calishop.net\/en\/product\/cali-feelgood-cbd-ulje-500mg-10ml\/","title":{"rendered":"Cali Feelgood CBD ulje 500mg, 10ml"},"content":{"rendered":"<p><strong>Cali Feelgood CBD ulje 500mg, 10ml<\/strong><\/p>\n<p>Cali Feelgood CBD ulje 500mg (5%) temelji se na na\u0161em dokazano u\u010dinkovitom i 100% organskom ekstraktu konoplje.<\/p>\n<p>&nbsp;<\/p>\n<p>Jedna bo\u010dica s raspr\u0161iva\u010dem od 10 ml sadr\u017ei 500 mg najkvalitetnijeg CBD-a i cijeli spektar drugih kanabinoida, kao \u0161to su CBG, CBC i CBN.<\/p>\n<p>&nbsp;<\/p>\n<p>Svi ti mo\u0107ni kanabinoidi zna\u010de da Cali Feelgood CBD ulje posjeduje neusporedivu u\u010dinkovitost i potpuni u\u010dinak okru\u017eenja (Entourage effect) .<\/p>\n<p>&nbsp;<\/p>\n<p><strong>CBD ulje sa sofisticiranom mje\u0161avinom terpena.<\/strong><\/p>\n<p>Uz bogat sadr\u017eaj kanabinoida, Cali Feelgood CBD ulje tako\u0111er sadr\u017ei sofisticirani profil prirodnih terpena, uklju\u010duju\u0107i linalol, mircen i a-humulen. To mu daje ugodan okus i dodatno poja\u010dava sna\u017ean u\u010dinak ovog vrhunskog CBD ulja.<\/p>\n<p>&nbsp;<\/p>\n<p><strong>Pripremi se&#8230;<\/strong><\/p>\n<p>Jedinstveni profil terpena Feelgood ulja daje mu snagu bez premca, pa se pripremite: sinergija izme\u0111u njegovih aktivnih sastojaka mo\u017ee proizvesti osje\u0107aj duboke opu\u0161tenosti, pove\u0107anog samopouzdanja i ve\u0107e mentalne otpornosti.<\/p>\n<p><strong>Product Specifications<\/strong><\/p>\n<p>&nbsp;<\/p>\n<p>Brand: Cali<\/p>\n<p>&nbsp;<\/p>\n<p>CBD: 5% (500 mg)<\/p>\n<p>&nbsp;<\/p>\n<p>Third-party tested \u2022 EU-grown hemp THC &lt;0.2%<\/p>\n<p>&nbsp;<\/p>\n<p>Volume: 10ml<\/p>\n<p>&nbsp;<\/p>\n<p><strong>Sastojci:<\/strong> Cannabis Sativa seed oil, Cannabis Sativa flower extract. \u010cuvati na suhom, hladnom i tamnom mjestu, izvan dohvata djece. Rok trajanja i serijski broj ozna\u010deni na pakiranju. Protresti prije upotrebe.<\/p>","protected":false},"excerpt":{"rendered":"<p><strong>Product Specifications<\/strong><\/p>\n<p>Brand: Cali<\/p>\n<p>CBD: 5% (500 mg)<\/p>\n<p>Third-party tested \u2022 EU-grown hemp THC &lt;0.2%<\/p>\n<p>Volume: 10ml<\/p>\n<p>&nbsp;<\/p>\n<p>&nbsp;<\/p>","protected":false},"featured_media":9633,"comment_status":"open","ping_status":"closed","template":"","meta":[],"product_brand":[],"product_cat":[26],"product_tag":[],"class_list":{"0":"post-9631","1":"product","2":"type-product","3":"status-publish","4":"has-post-thumbnail","6":"product_cat-cbd-ulja","7":"description-off","9":"first","10":"instock","11":"featured","12":"shipping-taxable","13":"purchasable","14":"product-type-simple"},"yoast_head":"<!-- This site is optimized with the Yoast SEO plugin v24.1 - https:\/\/yoast.com\/wordpress\/plugins\/seo\/ -->\n<title>Cali Feelgood CBD ulje 500mg, 10ml - CALI<\/title>\n<meta name=\"description\" content=\"Cali Feelgood CBD ulje punog spektra 500mg\" \/>\n<meta name=\"robots\" content=\"noindex, follow, max-snippet:-1, max-image-preview:large, max-video-preview:-1\" \/>\n<meta property=\"og:locale\" content=\"en_US\" \/>\n<meta property=\"og:type\" content=\"article\" \/>\n<meta property=\"og:title\" content=\"Cali Feelgood CBD ulje 500mg, 10ml - CALI\" \/>\n<meta property=\"og:description\" content=\"Cali Feelgood CBD ulje punog spektra 500mg\" \/>\n<meta property=\"og:url\" content=\"https:\/\/calishop.net\/en\/product\/cali-feelgood-cbd-ulje-500mg-10ml\/\" \/>\n<meta property=\"og:site_name\" content=\"CALI\" \/>\n<meta property=\"article:modified_time\" content=\"2024-07-05T15:17:09+00:00\" \/>\n<meta property=\"og:image\" content=\"https:\/\/calishop.net\/wp-content\/uploads\/2024\/07\/IMG-20240704-WA0024.jpg\" \/>\n\t<meta property=\"og:image:width\" content=\"1200\" \/>\n\t<meta property=\"og:image:height\" content=\"1600\" \/>\n\t<meta property=\"og:image:type\" content=\"image\/jpeg\" \/>\n<meta name=\"twitter:card\" content=\"summary_large_image\" \/>\n<meta name=\"twitter:label1\" content=\"Est. reading time\" \/>\n\t<meta name=\"twitter:data1\" content=\"2 minutes\" \/>\n<script type=\"application\/ld+json\" class=\"yoast-schema-graph\">{\"@context\":\"https:\/\/schema.org\",\"@graph\":[{\"@type\":\"WebPage\",\"@id\":\"https:\/\/calishop.net\/proizvod\/cali-feelgood-cbd-ulje-500mg-10ml\/\",\"url\":\"https:\/\/calishop.net\/proizvod\/cali-feelgood-cbd-ulje-500mg-10ml\/\",\"name\":\"Cali Feelgood CBD ulje 500mg, 10ml - CALI\",\"isPartOf\":{\"@id\":\"https:\/\/calishop.net\/#website\"},\"primaryImageOfPage\":{\"@id\":\"https:\/\/calishop.net\/proizvod\/cali-feelgood-cbd-ulje-500mg-10ml\/#primaryimage\"},\"image\":{\"@id\":\"https:\/\/calishop.net\/proizvod\/cali-feelgood-cbd-ulje-500mg-10ml\/#primaryimage\"},\"thumbnailUrl\":\"https:\/\/calishop.net\/wp-content\/uploads\/2024\/07\/IMG-20240704-WA0024.jpg\",\"datePublished\":\"2024-07-05T15:00:41+00:00\",\"dateModified\":\"2024-07-05T15:17:09+00:00\",\"description\":\"Cali Feelgood CBD ulje punog spektra 500mg\",\"breadcrumb\":{\"@id\":\"https:\/\/calishop.net\/proizvod\/cali-feelgood-cbd-ulje-500mg-10ml\/#breadcrumb\"},\"inLanguage\":\"en-US\",\"potentialAction\":[{\"@type\":\"ReadAction\",\"target\":[\"https:\/\/calishop.net\/proizvod\/cali-feelgood-cbd-ulje-500mg-10ml\/\"]}]},{\"@type\":\"ImageObject\",\"inLanguage\":\"en-US\",\"@id\":\"https:\/\/calishop.net\/proizvod\/cali-feelgood-cbd-ulje-500mg-10ml\/#primaryimage\",\"url\":\"https:\/\/calishop.net\/wp-content\/uploads\/2024\/07\/IMG-20240704-WA0024.jpg\",\"contentUrl\":\"https:\/\/calishop.net\/wp-content\/uploads\/2024\/07\/IMG-20240704-WA0024.jpg\",\"width\":1200,\"height\":1600},{\"@type\":\"BreadcrumbList\",\"@id\":\"https:\/\/calishop.net\/proizvod\/cali-feelgood-cbd-ulje-500mg-10ml\/#breadcrumb\",\"itemListElement\":[{\"@type\":\"ListItem\",\"position\":1,\"name\":\"Po\u010detna stranica\",\"item\":\"https:\/\/calishop.net\/\"},{\"@type\":\"ListItem\",\"position\":2,\"name\":\"Trgovina\",\"item\":\"https:\/\/calishop.net\/shop\/\"},{\"@type\":\"ListItem\",\"position\":3,\"name\":\"Cali Feelgood CBD ulje 500mg, 10ml\"}]},{\"@type\":\"WebSite\",\"@id\":\"https:\/\/calishop.net\/#website\",\"url\":\"https:\/\/calishop.net\/\",\"name\":\"CALI\",\"description\":\"Balans na prirodan na\u010din\",\"publisher\":{\"@id\":\"https:\/\/calishop.net\/#organization\"},\"potentialAction\":[{\"@type\":\"SearchAction\",\"target\":{\"@type\":\"EntryPoint\",\"urlTemplate\":\"https:\/\/calishop.net\/?s={search_term_string}\"},\"query-input\":{\"@type\":\"PropertyValueSpecification\",\"valueRequired\":true,\"valueName\":\"search_term_string\"}}],\"inLanguage\":\"en-US\"},{\"@type\":\"Organization\",\"@id\":\"https:\/\/calishop.net\/#organization\",\"name\":\"CALI\",\"url\":\"https:\/\/calishop.net\/\",\"logo\":{\"@type\":\"ImageObject\",\"inLanguage\":\"en-US\",\"@id\":\"https:\/\/calishop.net\/#\/schema\/logo\/image\/\",\"url\":\"https:\/\/calishop.net\/wp-content\/uploads\/2021\/05\/vital-logo-seven.svg\",\"contentUrl\":\"https:\/\/calishop.net\/wp-content\/uploads\/2021\/05\/vital-logo-seven.svg\",\"width\":278,\"height\":56,\"caption\":\"CALI\"},\"image\":{\"@id\":\"https:\/\/calishop.net\/#\/schema\/logo\/image\/\"}}]}<\/script>\n<!-- \/ Yoast SEO plugin. -->","yoast_head_json":{"title":"Cali Feelgood CBD ulje 500mg, 10ml - CALI","description":"Cali Feelgood CBD ulje punog spektra 500mg","robots":{"index":"noindex","follow":"follow","max-snippet":"max-snippet:-1","max-image-preview":"max-image-preview:large","max-video-preview":"max-video-preview:-1"},"og_locale":"en_US","og_type":"article","og_title":"Cali Feelgood CBD ulje 500mg, 10ml - CALI","og_description":"Cali Feelgood CBD ulje punog spektra 500mg","og_url":"https:\/\/calishop.net\/en\/product\/cali-feelgood-cbd-ulje-500mg-10ml\/","og_site_name":"CALI","article_modified_time":"2024-07-05T15:17:09+00:00","og_image":[{"width":1200,"height":1600,"url":"https:\/\/calishop.net\/wp-content\/uploads\/2024\/07\/IMG-20240704-WA0024.jpg","type":"image\/jpeg"}],"twitter_card":"summary_large_image","twitter_misc":{"Est. reading time":"2 minutes"},"schema":{"@context":"https:\/\/schema.org","@graph":[{"@type":"WebPage","@id":"https:\/\/calishop.net\/proizvod\/cali-feelgood-cbd-ulje-500mg-10ml\/","url":"https:\/\/calishop.net\/proizvod\/cali-feelgood-cbd-ulje-500mg-10ml\/","name":"Cali Feelgood CBD ulje 500mg, 10ml - CALI","isPartOf":{"@id":"https:\/\/calishop.net\/#website"},"primaryImageOfPage":{"@id":"https:\/\/calishop.net\/proizvod\/cali-feelgood-cbd-ulje-500mg-10ml\/#primaryimage"},"image":{"@id":"https:\/\/calishop.net\/proizvod\/cali-feelgood-cbd-ulje-500mg-10ml\/#primaryimage"},"thumbnailUrl":"https:\/\/calishop.net\/wp-content\/uploads\/2024\/07\/IMG-20240704-WA0024.jpg","datePublished":"2024-07-05T15:00:41+00:00","dateModified":"2024-07-05T15:17:09+00:00","description":"Cali Feelgood CBD ulje punog spektra 500mg","breadcrumb":{"@id":"https:\/\/calishop.net\/proizvod\/cali-feelgood-cbd-ulje-500mg-10ml\/#breadcrumb"},"inLanguage":"en-US","potentialAction":[{"@type":"ReadAction","target":["https:\/\/calishop.net\/proizvod\/cali-feelgood-cbd-ulje-500mg-10ml\/"]}]},{"@type":"ImageObject","inLanguage":"en-US","@id":"https:\/\/calishop.net\/proizvod\/cali-feelgood-cbd-ulje-500mg-10ml\/#primaryimage","url":"https:\/\/calishop.net\/wp-content\/uploads\/2024\/07\/IMG-20240704-WA0024.jpg","contentUrl":"https:\/\/calishop.net\/wp-content\/uploads\/2024\/07\/IMG-20240704-WA0024.jpg","width":1200,"height":1600},{"@type":"BreadcrumbList","@id":"https:\/\/calishop.net\/proizvod\/cali-feelgood-cbd-ulje-500mg-10ml\/#breadcrumb","itemListElement":[{"@type":"ListItem","position":1,"name":"Po\u010detna stranica","item":"https:\/\/calishop.net\/"},{"@type":"ListItem","position":2,"name":"Trgovina","item":"https:\/\/calishop.net\/shop\/"},{"@type":"ListItem","position":3,"name":"Cali Feelgood CBD ulje 500mg, 10ml"}]},{"@type":"WebSite","@id":"https:\/\/calishop.net\/#website","url":"https:\/\/calishop.net\/","name":"CALI","description":"Balans na prirodan na\u010din","publisher":{"@id":"https:\/\/calishop.net\/#organization"},"potentialAction":[{"@type":"SearchAction","target":{"@type":"EntryPoint","urlTemplate":"https:\/\/calishop.net\/?s={search_term_string}"},"query-input":{"@type":"PropertyValueSpecification","valueRequired":true,"valueName":"search_term_string"}}],"inLanguage":"en-US"},{"@type":"Organization","@id":"https:\/\/calishop.net\/#organization","name":"CALI","url":"https:\/\/calishop.net\/","logo":{"@type":"ImageObject","inLanguage":"en-US","@id":"https:\/\/calishop.net\/#\/schema\/logo\/image\/","url":"https:\/\/calishop.net\/wp-content\/uploads\/2021\/05\/vital-logo-seven.svg","contentUrl":"https:\/\/calishop.net\/wp-content\/uploads\/2021\/05\/vital-logo-seven.svg","width":278,"height":56,"caption":"CALI"},"image":{"@id":"https:\/\/calishop.net\/#\/schema\/logo\/image\/"}}]}},"jetpack_sharing_enabled":true,"_links":{"self":[{"href":"https:\/\/calishop.net\/en\/wp-json\/wp\/v2\/product\/9631","targetHints":{"allow":["GET"]}}],"collection":[{"href":"https:\/\/calishop.net\/en\/wp-json\/wp\/v2\/product"}],"about":[{"href":"https:\/\/calishop.net\/en\/wp-json\/wp\/v2\/types\/product"}],"replies":[{"embeddable":true,"href":"https:\/\/calishop.net\/en\/wp-json\/wp\/v2\/comments?post=9631"}],"version-history":[{"count":2,"href":"https:\/\/calishop.net\/en\/wp-json\/wp\/v2\/product\/9631\/revisions"}],"predecessor-version":[{"id":9639,"href":"https:\/\/calishop.net\/en\/wp-json\/wp\/v2\/product\/9631\/revisions\/9639"}],"wp:featuredmedia":[{"embeddable":true,"href":"https:\/\/calishop.net\/en\/wp-json\/wp\/v2\/media\/9633"}],"wp:attachment":[{"href":"https:\/\/calishop.net\/en\/wp-json\/wp\/v2\/media?parent=9631"}],"wp:term":[{"taxonomy":"product_brand","embeddable":true,"href":"https:\/\/calishop.net\/en\/wp-json\/wp\/v2\/product_brand?post=9631"},{"taxonomy":"product_cat","embeddable":true,"href":"https:\/\/calishop.net\/en\/wp-json\/wp\/v2\/product_cat?post=9631"},{"taxonomy":"product_tag","embeddable":true,"href":"https:\/\/calishop.net\/en\/wp-json\/wp\/v2\/product_tag?post=9631"}],"curies":[{"name":"wp","href":"https:\/\/api.w.org\/{rel}","templated":true}]}}